{"id":3090,"date":"2021-03-13T15:54:09","date_gmt":"2021-03-13T15:54:09","guid":{"rendered":"https:\/\/av-exim.com\/clients\/"},"modified":"2023-10-19T10:14:10","modified_gmt":"2023-10-19T10:14:10","slug":"kunder","status":"publish","type":"page","link":"https:\/\/av-exim.com\/sv\/kunder\/","title":{"rendered":"Kunder"},"content":{"rendered":"<p>Vi \u00e4r stolta \u00f6ver att arbeta med var och en av v\u00e5ra kunder. Vi \u00e4r tacksamma f\u00f6r samarbetet med v\u00e5ra kunder.<\/p>\n","protected":false},"excerpt":{"rendered":"<p>Vi \u00e4r stolta \u00f6ver att arbeta med var och en av v\u00e5ra kunder. Vi \u00e4r tacksamma f\u00f6r samarbetet med v\u00e5ra kunder.<\/p>\n","protected":false},"author":1,"featured_media":0,"parent":0,"menu_order":0,"comment_status":"closed","ping_status":"closed","template":"clients.php","meta":{"footnotes":""},"class_list":["post-3090","page","type-page","status-publish","hentry"],"_links":{"self":[{"href":"https:\/\/av-exim.com\/sv\/wp-json\/wp\/v2\/pages\/3090","targetHints":{"allow":["GET"]}}],"collection":[{"href":"https:\/\/av-exim.com\/sv\/wp-json\/wp\/v2\/pages"}],"about":[{"href":"https:\/\/av-exim.com\/sv\/wp-json\/wp\/v2\/types\/page"}],"author":[{"embeddable":true,"href":"https:\/\/av-exim.com\/sv\/wp-json\/wp\/v2\/users\/1"}],"replies":[{"embeddable":true,"href":"https:\/\/av-exim.com\/sv\/wp-json\/wp\/v2\/comments?post=3090"}],"version-history":[{"count":6,"href":"https:\/\/av-exim.com\/sv\/wp-json\/wp\/v2\/pages\/3090\/revisions"}],"predecessor-version":[{"id":149596,"href":"https:\/\/av-exim.com\/sv\/wp-json\/wp\/v2\/pages\/3090\/revisions\/149596"}],"wp:attachment":[{"href":"https:\/\/av-exim.com\/sv\/wp-json\/wp\/v2\/media?parent=3090"}],"curies":[{"name":"wp","href":"https:\/\/api.w.org\/{rel}","templated":true}]}}