{"id":58139,"date":"2021-03-13T15:54:09","date_gmt":"2021-03-13T15:54:09","guid":{"rendered":"https:\/\/av-exim.com\/clients\/"},"modified":"2023-10-19T08:05:09","modified_gmt":"2023-10-19T08:05:09","slug":"kliente","status":"publish","type":"page","link":"https:\/\/av-exim.com\/sq\/kliente\/","title":{"rendered":"Klient\u00eb"},"content":{"rendered":"<p><span class=\"jCAhz ChMk0b\"><span class=\"ryNqvb\">Ne jemi krenar\u00eb q\u00eb punojm\u00eb me secilin prej klient\u00ebve tan\u00eb.<\/span><\/span> <span class=\"jCAhz ChMk0b\"><span class=\"ryNqvb\">Ne u jemi mir\u00ebnjoh\u00ebs klient\u00ebve tan\u00eb p\u00ebr bashk\u00ebpunimin.<\/span><\/span><\/p>\n","protected":false},"excerpt":{"rendered":"<p>Ne jemi krenar\u00eb q\u00eb punojm\u00eb me secilin prej klient\u00ebve tan\u00eb. Ne u jemi mir\u00ebnjoh\u00ebs klient\u00ebve tan\u00eb p\u00ebr bashk\u00ebpunimin.<\/p>\n","protected":false},"author":1,"featured_media":0,"parent":0,"menu_order":0,"comment_status":"closed","ping_status":"closed","template":"clients.php","meta":{"footnotes":""},"class_list":["post-58139","page","type-page","status-publish","hentry"],"_links":{"self":[{"href":"https:\/\/av-exim.com\/sq\/wp-json\/wp\/v2\/pages\/58139","targetHints":{"allow":["GET"]}}],"collection":[{"href":"https:\/\/av-exim.com\/sq\/wp-json\/wp\/v2\/pages"}],"about":[{"href":"https:\/\/av-exim.com\/sq\/wp-json\/wp\/v2\/types\/page"}],"author":[{"embeddable":true,"href":"https:\/\/av-exim.com\/sq\/wp-json\/wp\/v2\/users\/1"}],"replies":[{"embeddable":true,"href":"https:\/\/av-exim.com\/sq\/wp-json\/wp\/v2\/comments?post=58139"}],"version-history":[{"count":9,"href":"https:\/\/av-exim.com\/sq\/wp-json\/wp\/v2\/pages\/58139\/revisions"}],"predecessor-version":[{"id":149574,"href":"https:\/\/av-exim.com\/sq\/wp-json\/wp\/v2\/pages\/58139\/revisions\/149574"}],"wp:attachment":[{"href":"https:\/\/av-exim.com\/sq\/wp-json\/wp\/v2\/media?parent=58139"}],"curies":[{"name":"wp","href":"https:\/\/api.w.org\/{rel}","templated":true}]}}