{"id":3084,"date":"2021-03-13T15:54:09","date_gmt":"2021-03-13T15:54:09","guid":{"rendered":"https:\/\/av-exim.com\/clients\/"},"modified":"2023-10-19T08:23:05","modified_gmt":"2023-10-19T08:23:05","slug":"clienti","status":"publish","type":"page","link":"https:\/\/av-exim.com\/ro\/clienti\/","title":{"rendered":"Clien\u021bi"},"content":{"rendered":"<p>Suntem m\u00e2ndri s\u0103 lucr\u0103m cu fiecare dintre clien\u021bii no\u0219tri. Suntem recunosc\u0103tori clien\u021bilor no\u0219tri pentru cooperare.<\/p>\n<p>&nbsp;<\/p>\n","protected":false},"excerpt":{"rendered":"<p>Suntem m\u00e2ndri s\u0103 lucr\u0103m cu fiecare dintre clien\u021bii no\u0219tri. Suntem recunosc\u0103tori clien\u021bilor no\u0219tri pentru cooperare. &nbsp;<\/p>\n","protected":false},"author":1,"featured_media":0,"parent":0,"menu_order":0,"comment_status":"closed","ping_status":"closed","template":"clients.php","meta":{"footnotes":""},"class_list":["post-3084","page","type-page","status-publish","hentry"],"_links":{"self":[{"href":"https:\/\/av-exim.com\/ro\/wp-json\/wp\/v2\/pages\/3084","targetHints":{"allow":["GET"]}}],"collection":[{"href":"https:\/\/av-exim.com\/ro\/wp-json\/wp\/v2\/pages"}],"about":[{"href":"https:\/\/av-exim.com\/ro\/wp-json\/wp\/v2\/types\/page"}],"author":[{"embeddable":true,"href":"https:\/\/av-exim.com\/ro\/wp-json\/wp\/v2\/users\/1"}],"replies":[{"embeddable":true,"href":"https:\/\/av-exim.com\/ro\/wp-json\/wp\/v2\/comments?post=3084"}],"version-history":[{"count":5,"href":"https:\/\/av-exim.com\/ro\/wp-json\/wp\/v2\/pages\/3084\/revisions"}],"predecessor-version":[{"id":149591,"href":"https:\/\/av-exim.com\/ro\/wp-json\/wp\/v2\/pages\/3084\/revisions\/149591"}],"wp:attachment":[{"href":"https:\/\/av-exim.com\/ro\/wp-json\/wp\/v2\/media?parent=3084"}],"curies":[{"name":"wp","href":"https:\/\/api.w.org\/{rel}","templated":true}]}}