{"id":3082,"date":"2021-03-13T15:54:09","date_gmt":"2021-03-13T15:54:09","guid":{"rendered":"https:\/\/av-exim.com\/clients\/"},"modified":"2023-10-19T08:21:43","modified_gmt":"2023-10-19T08:21:43","slug":"klienci","status":"publish","type":"page","link":"https:\/\/av-exim.com\/pl\/klienci\/","title":{"rendered":"Klienci"},"content":{"rendered":"<p>Jeste\u015bmy dumni ze wsp\u00f3\u0142pracy z ka\u017cdym z naszych klient\u00f3w. Jeste\u015bmy wdzi\u0119czni naszym klientom za wsp\u00f3\u0142prac\u0119.<\/p>\n","protected":false},"excerpt":{"rendered":"<p>Jeste\u015bmy dumni ze wsp\u00f3\u0142pracy z ka\u017cdym z naszych klient\u00f3w. Jeste\u015bmy wdzi\u0119czni naszym klientom za wsp\u00f3\u0142prac\u0119.<\/p>\n","protected":false},"author":1,"featured_media":0,"parent":0,"menu_order":0,"comment_status":"closed","ping_status":"closed","template":"clients.php","meta":{"footnotes":""},"class_list":["post-3082","page","type-page","status-publish","hentry"],"_links":{"self":[{"href":"https:\/\/av-exim.com\/pl\/wp-json\/wp\/v2\/pages\/3082","targetHints":{"allow":["GET"]}}],"collection":[{"href":"https:\/\/av-exim.com\/pl\/wp-json\/wp\/v2\/pages"}],"about":[{"href":"https:\/\/av-exim.com\/pl\/wp-json\/wp\/v2\/types\/page"}],"author":[{"embeddable":true,"href":"https:\/\/av-exim.com\/pl\/wp-json\/wp\/v2\/users\/1"}],"replies":[{"embeddable":true,"href":"https:\/\/av-exim.com\/pl\/wp-json\/wp\/v2\/comments?post=3082"}],"version-history":[{"count":5,"href":"https:\/\/av-exim.com\/pl\/wp-json\/wp\/v2\/pages\/3082\/revisions"}],"predecessor-version":[{"id":149589,"href":"https:\/\/av-exim.com\/pl\/wp-json\/wp\/v2\/pages\/3082\/revisions\/149589"}],"wp:attachment":[{"href":"https:\/\/av-exim.com\/pl\/wp-json\/wp\/v2\/media?parent=3082"}],"curies":[{"name":"wp","href":"https:\/\/api.w.org\/{rel}","templated":true}]}}