{"id":3081,"date":"2021-03-13T15:54:09","date_gmt":"2021-03-13T15:54:09","guid":{"rendered":"https:\/\/av-exim.com\/clients\/"},"modified":"2023-10-19T08:20:33","modified_gmt":"2023-10-19T08:20:33","slug":"klienter","status":"publish","type":"page","link":"https:\/\/av-exim.com\/no\/klienter\/","title":{"rendered":"Kunder"},"content":{"rendered":"<p>Vi er stolte av \u00e5 samarbeide med alle v\u00e5re kunder. Vi er takknemlige for samarbeidet med v\u00e5re kunder.<\/p>\n","protected":false},"excerpt":{"rendered":"<p>Vi er stolte av \u00e5 samarbeide med alle v\u00e5re kunder. Vi er takknemlige for samarbeidet med v\u00e5re kunder.<\/p>\n","protected":false},"author":1,"featured_media":0,"parent":0,"menu_order":0,"comment_status":"closed","ping_status":"closed","template":"clients.php","meta":{"footnotes":""},"class_list":["post-3081","page","type-page","status-publish","hentry"],"_links":{"self":[{"href":"https:\/\/av-exim.com\/no\/wp-json\/wp\/v2\/pages\/3081","targetHints":{"allow":["GET"]}}],"collection":[{"href":"https:\/\/av-exim.com\/no\/wp-json\/wp\/v2\/pages"}],"about":[{"href":"https:\/\/av-exim.com\/no\/wp-json\/wp\/v2\/types\/page"}],"author":[{"embeddable":true,"href":"https:\/\/av-exim.com\/no\/wp-json\/wp\/v2\/users\/1"}],"replies":[{"embeddable":true,"href":"https:\/\/av-exim.com\/no\/wp-json\/wp\/v2\/comments?post=3081"}],"version-history":[{"count":6,"href":"https:\/\/av-exim.com\/no\/wp-json\/wp\/v2\/pages\/3081\/revisions"}],"predecessor-version":[{"id":149588,"href":"https:\/\/av-exim.com\/no\/wp-json\/wp\/v2\/pages\/3081\/revisions\/149588"}],"wp:attachment":[{"href":"https:\/\/av-exim.com\/no\/wp-json\/wp\/v2\/media?parent=3081"}],"curies":[{"name":"wp","href":"https:\/\/api.w.org\/{rel}","templated":true}]}}