{"id":3079,"date":"2021-03-13T15:54:09","date_gmt":"2021-03-13T15:54:09","guid":{"rendered":"https:\/\/av-exim.com\/clients\/"},"modified":"2023-10-19T08:15:33","modified_gmt":"2023-10-19T08:15:33","slug":"klienti","status":"publish","type":"page","link":"https:\/\/av-exim.com\/lv\/klienti\/","title":{"rendered":"Klienti"},"content":{"rendered":"<p>M\u0113s lepojamies, ka varam str\u0101d\u0101t ar katru no saviem klientiem. Esam pateic\u012bgi saviem klientiem par sadarb\u012bbu.<\/p>\n","protected":false},"excerpt":{"rendered":"<p>M\u0113s lepojamies, ka varam str\u0101d\u0101t ar katru no saviem klientiem. Esam pateic\u012bgi saviem klientiem par sadarb\u012bbu.<\/p>\n","protected":false},"author":1,"featured_media":0,"parent":0,"menu_order":0,"comment_status":"closed","ping_status":"closed","template":"clients.php","meta":{"footnotes":""},"class_list":["post-3079","page","type-page","status-publish","hentry"],"_links":{"self":[{"href":"https:\/\/av-exim.com\/lv\/wp-json\/wp\/v2\/pages\/3079","targetHints":{"allow":["GET"]}}],"collection":[{"href":"https:\/\/av-exim.com\/lv\/wp-json\/wp\/v2\/pages"}],"about":[{"href":"https:\/\/av-exim.com\/lv\/wp-json\/wp\/v2\/types\/page"}],"author":[{"embeddable":true,"href":"https:\/\/av-exim.com\/lv\/wp-json\/wp\/v2\/users\/1"}],"replies":[{"embeddable":true,"href":"https:\/\/av-exim.com\/lv\/wp-json\/wp\/v2\/comments?post=3079"}],"version-history":[{"count":5,"href":"https:\/\/av-exim.com\/lv\/wp-json\/wp\/v2\/pages\/3079\/revisions"}],"predecessor-version":[{"id":149586,"href":"https:\/\/av-exim.com\/lv\/wp-json\/wp\/v2\/pages\/3079\/revisions\/149586"}],"wp:attachment":[{"href":"https:\/\/av-exim.com\/lv\/wp-json\/wp\/v2\/media?parent=3079"}],"curies":[{"name":"wp","href":"https:\/\/api.w.org\/{rel}","templated":true}]}}