{"id":3080,"date":"2021-03-13T15:54:09","date_gmt":"2021-03-13T15:54:09","guid":{"rendered":"https:\/\/av-exim.com\/clients\/"},"modified":"2023-10-19T08:16:19","modified_gmt":"2023-10-19T08:16:19","slug":"klientai","status":"publish","type":"page","link":"https:\/\/av-exim.com\/lt\/klientai\/","title":{"rendered":"Klientai"},"content":{"rendered":"<p>Did\u017eiuojam\u0117s gal\u0117dami dirbti su kiekvienu savo klientu. Esame d\u0117kingi savo klientams u\u017e bendradarbiavim\u0105.<\/p>\n","protected":false},"excerpt":{"rendered":"<p>Did\u017eiuojam\u0117s gal\u0117dami dirbti su kiekvienu savo klientu. Esame d\u0117kingi savo klientams u\u017e bendradarbiavim\u0105.<\/p>\n","protected":false},"author":1,"featured_media":0,"parent":0,"menu_order":0,"comment_status":"closed","ping_status":"closed","template":"clients.php","meta":{"footnotes":""},"class_list":["post-3080","page","type-page","status-publish","hentry"],"_links":{"self":[{"href":"https:\/\/av-exim.com\/lt\/wp-json\/wp\/v2\/pages\/3080","targetHints":{"allow":["GET"]}}],"collection":[{"href":"https:\/\/av-exim.com\/lt\/wp-json\/wp\/v2\/pages"}],"about":[{"href":"https:\/\/av-exim.com\/lt\/wp-json\/wp\/v2\/types\/page"}],"author":[{"embeddable":true,"href":"https:\/\/av-exim.com\/lt\/wp-json\/wp\/v2\/users\/1"}],"replies":[{"embeddable":true,"href":"https:\/\/av-exim.com\/lt\/wp-json\/wp\/v2\/comments?post=3080"}],"version-history":[{"count":4,"href":"https:\/\/av-exim.com\/lt\/wp-json\/wp\/v2\/pages\/3080\/revisions"}],"predecessor-version":[{"id":149587,"href":"https:\/\/av-exim.com\/lt\/wp-json\/wp\/v2\/pages\/3080\/revisions\/149587"}],"wp:attachment":[{"href":"https:\/\/av-exim.com\/lt\/wp-json\/wp\/v2\/media?parent=3080"}],"curies":[{"name":"wp","href":"https:\/\/api.w.org\/{rel}","templated":true}]}}