{"id":3077,"date":"2021-03-13T15:54:09","date_gmt":"2021-03-13T15:54:09","guid":{"rendered":"https:\/\/av-exim.com\/clients\/"},"modified":"2023-10-19T08:14:05","modified_gmt":"2023-10-19T08:14:05","slug":"ugyfelek","status":"publish","type":"page","link":"https:\/\/av-exim.com\/hu\/ugyfelek\/","title":{"rendered":"\u00dcgyfelek"},"content":{"rendered":"<p>B\u00fcszk\u00e9k vagyunk arra, hogy minden \u00fcgyfel\u00fcnkkel egy\u00fctt dolgozhatunk. H\u00e1l\u00e1sak vagyunk \u00fcgyfeleinknek az egy\u00fcttm\u0171k\u00f6d\u00e9s\u00e9rt.<\/p>\n","protected":false},"excerpt":{"rendered":"<p>B\u00fcszk\u00e9k vagyunk arra, hogy minden \u00fcgyfel\u00fcnkkel egy\u00fctt dolgozhatunk. H\u00e1l\u00e1sak vagyunk \u00fcgyfeleinknek az egy\u00fcttm\u0171k\u00f6d\u00e9s\u00e9rt.<\/p>\n","protected":false},"author":1,"featured_media":0,"parent":0,"menu_order":0,"comment_status":"closed","ping_status":"closed","template":"clients.php","meta":{"footnotes":""},"class_list":["post-3077","page","type-page","status-publish","hentry"],"_links":{"self":[{"href":"https:\/\/av-exim.com\/hu\/wp-json\/wp\/v2\/pages\/3077","targetHints":{"allow":["GET"]}}],"collection":[{"href":"https:\/\/av-exim.com\/hu\/wp-json\/wp\/v2\/pages"}],"about":[{"href":"https:\/\/av-exim.com\/hu\/wp-json\/wp\/v2\/types\/page"}],"author":[{"embeddable":true,"href":"https:\/\/av-exim.com\/hu\/wp-json\/wp\/v2\/users\/1"}],"replies":[{"embeddable":true,"href":"https:\/\/av-exim.com\/hu\/wp-json\/wp\/v2\/comments?post=3077"}],"version-history":[{"count":6,"href":"https:\/\/av-exim.com\/hu\/wp-json\/wp\/v2\/pages\/3077\/revisions"}],"predecessor-version":[{"id":149584,"href":"https:\/\/av-exim.com\/hu\/wp-json\/wp\/v2\/pages\/3077\/revisions\/149584"}],"wp:attachment":[{"href":"https:\/\/av-exim.com\/hu\/wp-json\/wp\/v2\/media?parent=3077"}],"curies":[{"name":"wp","href":"https:\/\/api.w.org\/{rel}","templated":true}]}}