{"id":3068,"date":"2021-03-13T15:54:09","date_gmt":"2021-03-13T15:54:09","guid":{"rendered":"https:\/\/av-exim.com\/clients\/"},"modified":"2023-10-19T08:06:54","modified_gmt":"2023-10-19T08:06:54","slug":"klijenti","status":"publish","type":"page","link":"https:\/\/av-exim.com\/hr\/klijenti\/","title":{"rendered":"Klijenti"},"content":{"rendered":"<p><span class=\"jCAhz ChMk0b\"><span class=\"ryNqvb\">Ponosni smo \u0161to radimo sa svakim na\u0161im klijentom.<\/span><\/span> <span class=\"jCAhz ChMk0b\"><span class=\"ryNqvb\">Zahvaljujemo na\u0161im kupcima na suradnji.<\/span><\/span><\/p>\n","protected":false},"excerpt":{"rendered":"<p>Ponosni smo \u0161to radimo sa svakim na\u0161im klijentom. Zahvaljujemo na\u0161im kupcima na suradnji.<\/p>\n","protected":false},"author":1,"featured_media":0,"parent":0,"menu_order":0,"comment_status":"closed","ping_status":"closed","template":"clients.php","meta":{"footnotes":""},"class_list":["post-3068","page","type-page","status-publish","hentry"],"_links":{"self":[{"href":"https:\/\/av-exim.com\/hr\/wp-json\/wp\/v2\/pages\/3068","targetHints":{"allow":["GET"]}}],"collection":[{"href":"https:\/\/av-exim.com\/hr\/wp-json\/wp\/v2\/pages"}],"about":[{"href":"https:\/\/av-exim.com\/hr\/wp-json\/wp\/v2\/types\/page"}],"author":[{"embeddable":true,"href":"https:\/\/av-exim.com\/hr\/wp-json\/wp\/v2\/users\/1"}],"replies":[{"embeddable":true,"href":"https:\/\/av-exim.com\/hr\/wp-json\/wp\/v2\/comments?post=3068"}],"version-history":[{"count":5,"href":"https:\/\/av-exim.com\/hr\/wp-json\/wp\/v2\/pages\/3068\/revisions"}],"predecessor-version":[{"id":149576,"href":"https:\/\/av-exim.com\/hr\/wp-json\/wp\/v2\/pages\/3068\/revisions\/149576"}],"wp:attachment":[{"href":"https:\/\/av-exim.com\/hr\/wp-json\/wp\/v2\/media?parent=3068"}],"curies":[{"name":"wp","href":"https:\/\/api.w.org\/{rel}","templated":true}]}}