{"id":3073,"date":"2021-03-13T15:54:09","date_gmt":"2021-03-13T15:54:09","guid":{"rendered":"https:\/\/av-exim.com\/clients\/"},"modified":"2023-10-19T08:00:36","modified_gmt":"2023-10-19T08:00:36","slug":"asiakkaamme","status":"publish","type":"page","link":"https:\/\/av-exim.com\/fi\/asiakkaamme\/","title":{"rendered":"Asiakkaamme"},"content":{"rendered":"<p>Olemme ylpeit\u00e4 voidessamme ty\u00f6skennell\u00e4 jokaisen asiakkaamme kanssa. Olemme kiitollisia asiakkaillemme yhteisty\u00f6st\u00e4.<\/p>\n","protected":false},"excerpt":{"rendered":"<p>Olemme ylpeit\u00e4 voidessamme ty\u00f6skennell\u00e4 jokaisen asiakkaamme kanssa. Olemme kiitollisia asiakkaillemme yhteisty\u00f6st\u00e4.<\/p>\n","protected":false},"author":1,"featured_media":0,"parent":0,"menu_order":0,"comment_status":"closed","ping_status":"closed","template":"clients.php","meta":{"footnotes":""},"class_list":["post-3073","page","type-page","status-publish","hentry"],"_links":{"self":[{"href":"https:\/\/av-exim.com\/fi\/wp-json\/wp\/v2\/pages\/3073","targetHints":{"allow":["GET"]}}],"collection":[{"href":"https:\/\/av-exim.com\/fi\/wp-json\/wp\/v2\/pages"}],"about":[{"href":"https:\/\/av-exim.com\/fi\/wp-json\/wp\/v2\/types\/page"}],"author":[{"embeddable":true,"href":"https:\/\/av-exim.com\/fi\/wp-json\/wp\/v2\/users\/1"}],"replies":[{"embeddable":true,"href":"https:\/\/av-exim.com\/fi\/wp-json\/wp\/v2\/comments?post=3073"}],"version-history":[{"count":4,"href":"https:\/\/av-exim.com\/fi\/wp-json\/wp\/v2\/pages\/3073\/revisions"}],"predecessor-version":[{"id":149572,"href":"https:\/\/av-exim.com\/fi\/wp-json\/wp\/v2\/pages\/3073\/revisions\/149572"}],"wp:attachment":[{"href":"https:\/\/av-exim.com\/fi\/wp-json\/wp\/v2\/media?parent=3073"}],"curies":[{"name":"wp","href":"https:\/\/api.w.org\/{rel}","templated":true}]}}