{"id":3072,"date":"2021-03-13T15:54:09","date_gmt":"2021-03-13T15:54:09","guid":{"rendered":"https:\/\/av-exim.com\/clients\/"},"modified":"2023-10-19T08:10:32","modified_gmt":"2023-10-19T08:10:32","slug":"kliendid","status":"publish","type":"page","link":"https:\/\/av-exim.com\/et\/kliendid\/","title":{"rendered":"Kliendid"},"content":{"rendered":"<p>Oleme uhked, et saame teha koost\u00f6\u00f6d iga oma kliendiga. Oleme oma klientidele koost\u00f6\u00f6 eest t\u00e4nulikud.<\/p>\n","protected":false},"excerpt":{"rendered":"<p>Oleme uhked, et saame teha koost\u00f6\u00f6d iga oma kliendiga. Oleme oma klientidele koost\u00f6\u00f6 eest t\u00e4nulikud.<\/p>\n","protected":false},"author":1,"featured_media":0,"parent":0,"menu_order":0,"comment_status":"closed","ping_status":"closed","template":"clients.php","meta":{"footnotes":""},"class_list":["post-3072","page","type-page","status-publish","hentry"],"_links":{"self":[{"href":"https:\/\/av-exim.com\/et\/wp-json\/wp\/v2\/pages\/3072","targetHints":{"allow":["GET"]}}],"collection":[{"href":"https:\/\/av-exim.com\/et\/wp-json\/wp\/v2\/pages"}],"about":[{"href":"https:\/\/av-exim.com\/et\/wp-json\/wp\/v2\/types\/page"}],"author":[{"embeddable":true,"href":"https:\/\/av-exim.com\/et\/wp-json\/wp\/v2\/users\/1"}],"replies":[{"embeddable":true,"href":"https:\/\/av-exim.com\/et\/wp-json\/wp\/v2\/comments?post=3072"}],"version-history":[{"count":5,"href":"https:\/\/av-exim.com\/et\/wp-json\/wp\/v2\/pages\/3072\/revisions"}],"predecessor-version":[{"id":149580,"href":"https:\/\/av-exim.com\/et\/wp-json\/wp\/v2\/pages\/3072\/revisions\/149580"}],"wp:attachment":[{"href":"https:\/\/av-exim.com\/et\/wp-json\/wp\/v2\/media?parent=3072"}],"curies":[{"name":"wp","href":"https:\/\/api.w.org\/{rel}","templated":true}]}}