{"id":3140,"date":"2021-03-13T15:55:03","date_gmt":"2021-03-13T15:55:03","guid":{"rendered":"https:\/\/av-exim.com\/customer-reviews\/"},"modified":"2025-06-20T09:53:27","modified_gmt":"2025-06-20T09:53:27","slug":"customer-reviews","status":"publish","type":"page","link":"https:\/\/av-exim.com\/cs\/hodnoceni-zakazniku\/","title":{"rendered":"Hodnocen\u00ed z\u00e1kazn\u00edk\u016f"},"content":{"rendered":"","protected":false},"excerpt":{"rendered":"","protected":false},"author":1,"featured_media":0,"parent":0,"menu_order":0,"comment_status":"closed","ping_status":"closed","template":"reviews.php","meta":{"footnotes":""},"class_list":["post-3140","page","type-page","status-publish","hentry"],"_links":{"self":[{"href":"https:\/\/av-exim.com\/cs\/wp-json\/wp\/v2\/pages\/3140","targetHints":{"allow":["GET"]}}],"collection":[{"href":"https:\/\/av-exim.com\/cs\/wp-json\/wp\/v2\/pages"}],"about":[{"href":"https:\/\/av-exim.com\/cs\/wp-json\/wp\/v2\/types\/page"}],"author":[{"embeddable":true,"href":"https:\/\/av-exim.com\/cs\/wp-json\/wp\/v2\/users\/1"}],"replies":[{"embeddable":true,"href":"https:\/\/av-exim.com\/cs\/wp-json\/wp\/v2\/comments?post=3140"}],"version-history":[{"count":6,"href":"https:\/\/av-exim.com\/cs\/wp-json\/wp\/v2\/pages\/3140\/revisions"}],"predecessor-version":[{"id":185787,"href":"https:\/\/av-exim.com\/cs\/wp-json\/wp\/v2\/pages\/3140\/revisions\/185787"}],"wp:attachment":[{"href":"https:\/\/av-exim.com\/cs\/wp-json\/wp\/v2\/media?parent=3140"}],"curies":[{"name":"wp","href":"https:\/\/api.w.org\/{rel}","templated":true}]}}