{"id":3069,"date":"2021-03-13T15:54:09","date_gmt":"2021-03-13T15:54:09","guid":{"rendered":"https:\/\/av-exim.com\/clients\/"},"modified":"2023-10-19T08:07:38","modified_gmt":"2023-10-19T08:07:38","slug":"zakaznici","status":"publish","type":"page","link":"https:\/\/av-exim.com\/cs\/zakaznici\/","title":{"rendered":"Z\u00e1kazn\u00edci"},"content":{"rendered":"<p>Jsme hrd\u00ed na spolupr\u00e1ci s ka\u017ed\u00fdm z na\u0161ich klient\u016f. Jsme na\u0161im z\u00e1kazn\u00edk\u016fm vd\u011b\u010dni za spolupr\u00e1ci.<\/p>\n","protected":false},"excerpt":{"rendered":"<p>Jsme hrd\u00ed na spolupr\u00e1ci s ka\u017ed\u00fdm z na\u0161ich klient\u016f. Jsme na\u0161im z\u00e1kazn\u00edk\u016fm vd\u011b\u010dni za spolupr\u00e1ci.<\/p>\n","protected":false},"author":1,"featured_media":0,"parent":0,"menu_order":0,"comment_status":"closed","ping_status":"closed","template":"clients.php","meta":{"footnotes":""},"class_list":["post-3069","page","type-page","status-publish","hentry"],"_links":{"self":[{"href":"https:\/\/av-exim.com\/cs\/wp-json\/wp\/v2\/pages\/3069","targetHints":{"allow":["GET"]}}],"collection":[{"href":"https:\/\/av-exim.com\/cs\/wp-json\/wp\/v2\/pages"}],"about":[{"href":"https:\/\/av-exim.com\/cs\/wp-json\/wp\/v2\/types\/page"}],"author":[{"embeddable":true,"href":"https:\/\/av-exim.com\/cs\/wp-json\/wp\/v2\/users\/1"}],"replies":[{"embeddable":true,"href":"https:\/\/av-exim.com\/cs\/wp-json\/wp\/v2\/comments?post=3069"}],"version-history":[{"count":6,"href":"https:\/\/av-exim.com\/cs\/wp-json\/wp\/v2\/pages\/3069\/revisions"}],"predecessor-version":[{"id":149577,"href":"https:\/\/av-exim.com\/cs\/wp-json\/wp\/v2\/pages\/3069\/revisions\/149577"}],"wp:attachment":[{"href":"https:\/\/av-exim.com\/cs\/wp-json\/wp\/v2\/media?parent=3069"}],"curies":[{"name":"wp","href":"https:\/\/api.w.org\/{rel}","templated":true}]}}